{"id":1641,"date":"2016-04-13T09:13:18","date_gmt":"2016-04-13T09:13:18","guid":{"rendered":"https:\/\/epilacorre.wordpress.com\/?page_id=17"},"modified":"2023-08-28T16:44:58","modified_gmt":"2023-08-28T16:44:58","slug":"inscripciohttps-goo-gl-forms-ms2nksxwwippv82c2nes","status":"publish","type":"page","link":"https:\/\/epilacorre.com\/index.php\/inscripciohttps-goo-gl-forms-ms2nksxwwippv82c2nes\/","title":{"rendered":"Formularios"},"content":{"rendered":"<p>&nbsp;<\/p>\n<h2 style=\"text-align: center;\">\u00bfQuieres formar parte de \u00c9pilacorre?<\/h2>\n<h3 style=\"text-align: center;\"><strong><em>Rellena este formulario <\/em><\/strong><strong><em>para pertenecer a \u00c9pilacorre.\u00a0<\/em><\/strong><\/h3>\n<p style=\"text-align: center;\"><a href=\"https:\/\/forms.gle\/F2aHnnhNUT7wXZZc7\" target=\"_blank\" rel=\"noopener\"><img decoding=\"async\" class=\"alignnone wp-image-1920 size-full\" src=\"https:\/\/epilacorre.files.wordpress.com\/2017\/12\/formulario.png\" alt=\"\" width=\"258\" height=\"179\" \/><\/a><\/p>\n<h3 style=\"text-align: center;\"><strong><em><span style=\"color: #0000ff;\"> <a style=\"color: #0000ff;\" href=\"https:\/\/forms.gle\/F2aHnnhNUT7wXZZc7\" target=\"_blank\" rel=\"noopener\">Formulario inscripci\u00f3n \u00c9pilacorre<\/a><\/span>\u00a0<\/em><\/strong><\/h3>\n<p>&nbsp;<\/p>\n<figure id=\"attachment_3358\" aria-describedby=\"caption-attachment-3358\" style=\"width: 211px\" class=\"wp-caption aligncenter\"><a href=\"https:\/\/epilacorre.com\/wp-content\/uploads\/2023\/08\/Socio-Epilacorre-temporada-2023_2024.pdf\" target=\"_blank\" rel=\"https:\/\/epilacorre.com\/wp-content\/uploads\/2023\/08\/Socio-Epilacorre-temporada-2023_2024.pdf noopener\"><img decoding=\"async\" class=\"wp-image-3358\" title=\"https:\/\/epilacorre.com\/wp-content\/uploads\/2023\/08\/Socio-Epilacorre-temporada-2023_2024.pdf\" src=\"https:\/\/epilacorre.com\/wp-content\/uploads\/2022\/04\/info-png-300x300.png\" alt=\"\" width=\"211\" height=\"211\" srcset=\"https:\/\/epilacorre.com\/wp-content\/uploads\/2022\/04\/info-png-300x300.png 300w, https:\/\/epilacorre.com\/wp-content\/uploads\/2022\/04\/info-png-150x150.png 150w, https:\/\/epilacorre.com\/wp-content\/uploads\/2022\/04\/info-png-230x230.png 230w, https:\/\/epilacorre.com\/wp-content\/uploads\/2022\/04\/info-png-350x350.png 350w, https:\/\/epilacorre.com\/wp-content\/uploads\/2022\/04\/info-png.png 425w\" sizes=\"(max-width: 211px) 100vw, 211px\" \/><\/a><figcaption id=\"caption-attachment-3358\" class=\"wp-caption-text\">Ventajas de ser socio<\/figcaption><\/figure>\n<h3><\/h3>\n<h3><strong>\u00a0 \u00a0 \u00a0 \u00a0 \u00a0 \u00a0 \u00a0 \u00a0 \u00a0 \u00a0 \u00a0 \u00a0 \u00a0 \u00a0 \u00a0 \u00a0 \u00a0 \u00a0 \u00a0 \u00a0 \u00a0 \u00a0 \u00a0 \u00a0 \u00a0 \u00a0<\/strong><\/h3>\n<h2 style=\"text-align: center;\">\u00bfQuieres Inscribirte a la actividad de Running o Duatl\u00f3n para Adultos?<\/h2>\n<h3><strong><em>Rellena este formulario <\/em><\/strong><strong><em>para i<\/em><\/strong>nscribirte a la actividad de Running o Duatl\u00f3n para Adultos<\/h3>\n<p style=\"text-align: center;\"><a href=\"https:\/\/forms.gle\/Qbc7Gwofye46KKr38\" target=\"_blank\" rel=\"noopener\"><img decoding=\"async\" class=\"alignnone wp-image-1920 size-full\" src=\"https:\/\/epilacorre.files.wordpress.com\/2017\/12\/formulario.png\" alt=\"\" width=\"258\" height=\"179\" \/><\/a><strong><em>.\u00a0<\/em><\/strong><\/p>\n<h3 style=\"text-align: center;\"><strong><em><span style=\"color: #0000ff;\"> <a style=\"color: #0000ff;\" href=\"https:\/\/forms.gle\/Qbc7Gwofye46KKr38\" target=\"_blank\" rel=\"noopener\">Formulario inscripci\u00f3n a la actividad de Running o Duatl\u00f3n para Adultos<\/a><\/span>\u00a0<\/em><\/strong><\/h3>\n<p>&nbsp;<\/p>\n<p>&nbsp;<\/p>\n<p>&nbsp;<\/p>\n<p>&nbsp;<\/p>\n<h2 style=\"text-align: center;\"><\/h2>\n<h2 style=\"text-align: center;\"><strong><em>Orden de Domiciliaci\u00f3n Bancaria <\/em><\/strong><strong><em>.\u00a0<\/em><\/strong><\/h2>\n<h3 style=\"text-align: center;\"><strong><em><span style=\"color: #0000ff;\"> <a style=\"color: #0000ff;\" href=\"https:\/\/epilacorre.com\/wp-content\/uploads\/2021\/12\/ORDEN-DOMICILIACION-BANCARIA-rellenable-1.pdf\" target=\"_blank\" rel=\"noopener\">Formulario Orden de Domiciliaci\u00f3n Bancaria<\/a><\/span>\u00a0<\/em><\/strong><\/h3>\n<p>&nbsp;<\/p>\n<p>&nbsp;<\/p>\n<h2 style=\"text-align: center;\"><i>Autorizaci\u00f3n<\/i><strong><em>\u00a0<\/em><\/strong><em>deportista.\u00a0<\/em><\/h2>\n<h3 style=\"text-align: center;\"><strong><em><span style=\"color: #0000ff;\"> <a style=\"color: #0000ff;\" href=\"https:\/\/epilacorre.com\/wp-content\/uploads\/2021\/12\/Autorizacion-deportista.pdf\" target=\"_blank\" rel=\"noopener\">Formulario Autorizaci\u00f3n de deportista a club deportivo para la vinculaci\u00f3n federativa a trav\u00e9s de la licencia<\/a><\/span><\/em><\/strong><\/h3>\n<p>&nbsp;<\/p>\n<p>&nbsp;<\/p>\n<p>&nbsp;<\/p>\n<p><img fetchpriority=\"high\" decoding=\"async\" class=\"aligncenter\" src=\"http:\/\/4.bp.blogspot.com\/-UaokTklHmN4\/TyGwfLi70KI\/AAAAAAAAAHA\/pRFxyP9mHm8\/s1600\/muchas+gracias.jpg\" width=\"322\" height=\"211\" \/><\/p>\n<p>&nbsp;<\/p>\n<p>&nbsp;<\/p>\n<p>&nbsp;<\/p>\n<h3 style=\"text-align: center;\">\u00bfYa eres socio de \u00c9pilacorre? accede a todos los servicios que te ofrece el club, con tu contrase\u00f1a, entrando en la zona exclusiva socios, pinchando en este<span style=\"color: #0000ff;\"> <a style=\"color: #0000ff;\" href=\"https:\/\/epilacorre.com\/index.php\/zona-exclusiva-socios\/\" target=\"_blank\" rel=\"noopener\">enlace o la imagen del club \u00a0 \u00a0<\/a><\/span><a href=\"https:\/\/epilacorre.com\/index.php\/zona-exclusiva-socios\/\"><img loading=\"lazy\" decoding=\"async\" class=\"aligncenter wp-image-2667 \" src=\"https:\/\/epilacorre.com\/wp-content\/uploads\/2019\/09\/Logo-Epilacorre-nuevo.png\" alt=\"\" width=\"493\" height=\"297\" srcset=\"https:\/\/epilacorre.com\/wp-content\/uploads\/2019\/09\/Logo-Epilacorre-nuevo.png 1049w, https:\/\/epilacorre.com\/wp-content\/uploads\/2019\/09\/Logo-Epilacorre-nuevo-300x181.png 300w, https:\/\/epilacorre.com\/wp-content\/uploads\/2019\/09\/Logo-Epilacorre-nuevo-768x463.png 768w, https:\/\/epilacorre.com\/wp-content\/uploads\/2019\/09\/Logo-Epilacorre-nuevo-1024x617.png 1024w, https:\/\/epilacorre.com\/wp-content\/uploads\/2019\/09\/Logo-Epilacorre-nuevo-830x500.png 830w, https:\/\/epilacorre.com\/wp-content\/uploads\/2019\/09\/Logo-Epilacorre-nuevo-230x139.png 230w, https:\/\/epilacorre.com\/wp-content\/uploads\/2019\/09\/Logo-Epilacorre-nuevo-350x211.png 350w, https:\/\/epilacorre.com\/wp-content\/uploads\/2019\/09\/Logo-Epilacorre-nuevo-480x289.png 480w\" sizes=\"(max-width: 493px) 100vw, 493px\" \/><br \/>\n<\/a><\/h3>\n<p>&nbsp;<\/p>\n<p>&nbsp;<\/p>\n<p style=\"text-align: center;\">Soy de Epilacorre<\/p>\n<p>&nbsp;<\/p>\n","protected":false},"excerpt":{"rendered":"<p>&nbsp; \u00bfQuieres formar parte de \u00c9pilacorre? Rellena este formulario para pertenecer a \u00c9pilacorre.\u00a0 Formulario inscripci\u00f3n \u00c9pilacorre\u00a0 &nbsp; \u00a0 \u00a0 \u00a0 \u00a0 \u00a0 \u00a0 \u00a0 \u00a0 \u00a0 \u00a0 \u00a0 \u00a0 \u00a0&hellip;<\/p>\n","protected":false},"author":2,"featured_media":1875,"parent":0,"menu_order":1,"comment_status":"closed","ping_status":"closed","template":"","meta":{"footnotes":""},"class_list":["post-1641","page","type-page","status-publish","has-post-thumbnail","hentry"],"_links":{"self":[{"href":"https:\/\/epilacorre.com\/index.php\/wp-json\/wp\/v2\/pages\/1641","targetHints":{"allow":["GET"]}}],"collection":[{"href":"https:\/\/epilacorre.com\/index.php\/wp-json\/wp\/v2\/pages"}],"about":[{"href":"https:\/\/epilacorre.com\/index.php\/wp-json\/wp\/v2\/types\/page"}],"author":[{"embeddable":true,"href":"https:\/\/epilacorre.com\/index.php\/wp-json\/wp\/v2\/users\/2"}],"replies":[{"embeddable":true,"href":"https:\/\/epilacorre.com\/index.php\/wp-json\/wp\/v2\/comments?post=1641"}],"version-history":[{"count":31,"href":"https:\/\/epilacorre.com\/index.php\/wp-json\/wp\/v2\/pages\/1641\/revisions"}],"predecessor-version":[{"id":3719,"href":"https:\/\/epilacorre.com\/index.php\/wp-json\/wp\/v2\/pages\/1641\/revisions\/3719"}],"wp:featuredmedia":[{"embeddable":true,"href":"https:\/\/epilacorre.com\/index.php\/wp-json\/"}],"wp:attachment":[{"href":"https:\/\/epilacorre.com\/index.php\/wp-json\/wp\/v2\/media?parent=1641"}],"curies":[{"name":"wp","href":"https:\/\/api.w.org\/{rel}","templated":true}]}}