{"id":2663,"date":"2019-09-27T10:32:33","date_gmt":"2019-09-27T10:32:33","guid":{"rendered":"http:\/\/epilacorre.com\/?page_id=2663"},"modified":"2020-02-22T10:07:33","modified_gmt":"2020-02-22T10:07:33","slug":"trail-villa-de-epila","status":"publish","type":"page","link":"https:\/\/epilacorre.com\/index.php\/trail-villa-de-epila\/","title":{"rendered":"III Trail villa de \u00c9pila"},"content":{"rendered":"<p><img fetchpriority=\"high\" decoding=\"async\" class=\"aligncenter wp-image-2700 size-large\" src=\"https:\/\/epilacorre.com\/wp-content\/uploads\/2019\/10\/cartel-prueba-1-536x1024.jpg\" alt=\"\" width=\"536\" height=\"1024\" srcset=\"https:\/\/epilacorre.com\/wp-content\/uploads\/2019\/10\/cartel-prueba-1-536x1024.jpg 536w, https:\/\/epilacorre.com\/wp-content\/uploads\/2019\/10\/cartel-prueba-1-157x300.jpg 157w, https:\/\/epilacorre.com\/wp-content\/uploads\/2019\/10\/cartel-prueba-1-768x1466.jpg 768w, https:\/\/epilacorre.com\/wp-content\/uploads\/2019\/10\/cartel-prueba-1-830x1585.jpg 830w, https:\/\/epilacorre.com\/wp-content\/uploads\/2019\/10\/cartel-prueba-1-230x439.jpg 230w, https:\/\/epilacorre.com\/wp-content\/uploads\/2019\/10\/cartel-prueba-1-350x668.jpg 350w, https:\/\/epilacorre.com\/wp-content\/uploads\/2019\/10\/cartel-prueba-1-480x917.jpg 480w, https:\/\/epilacorre.com\/wp-content\/uploads\/2019\/10\/cartel-prueba-1.jpg 928w\" sizes=\"(max-width: 536px) 100vw, 536px\" \/><\/p>\n<p>&nbsp;<\/p>\n<p>El d\u00eda 17 de Noviembre tendr\u00e1 lugar el III Trail Villa de \u00c9pila en dos modalidades distintas de participaci\u00f3n: andando 11 Kms o corriendo 12 Kms, el Ayuntamiento de \u00c9pila, junto al Club Epilacorre promueven y organizan este evento deportivo, sobre una distancia no homologada por la RFEA cuya prueba se incluye en el XII Circuito de carreras Comarca de Valdejal\u00f3n. Sin olvidar las pruebas escolares para los m\u00e1s peques.<\/p>\n<p>Las inscripciones pueden realizarse en esta misma p\u00e1gina web en este\u00a0<span style=\"color: #0000ff;\"><a href=\"https:\/\/sportmaniacs.com\/es\/services\/inscription\/iii-trail-villa-de-epila-2019\" target=\"_blank\" rel=\"noopener\"><span style=\"color: #0000ff;\">enlace<\/span><\/a><\/span> o desde el apartado inferior de <strong>Inscripciones\u00a0<\/strong>desde este momento, hasta el 15 de Noviembre o hasta completar las 300 plazas disponible.<\/p>\n<p>Todas las inscripciones realizadas hasta el 6 de Noviembre, ser\u00e1n obsequiadas con la camiseta de la prueba, las inscripciones realizadas desde el 6 de Noviembre al d\u00eda 15 de Noviembre, tendr\u00e1n la opci\u00f3n de realizar la inscripci\u00f3n sin camiseta o abonando los portes y se les enviara a su domicilio unos d\u00edas despu\u00e9s de la prueba.<\/p>\n<p>Todos los participantes inscritos correctamente tendr\u00e1n\u00a0 derecho a: Seguro de accidentes, seguro de responsabilidad civil, ambulancia, cronometraje con chip, duchas (con agua caliente),\u00a0 guardarropa, guardabicis, avituallamientos l\u00edquidos y s\u00f3lidos, vermouth al finalizar la prueba, sorteos, trofeos en las diferentes categor\u00edas y premios especiales:<\/p>\n<p>1\u00ba Premio Especial &#8211; Jam\u00f3n al primer participante (M y F) que suba a las &#8220;Hermanicas&#8221;<\/p>\n<p>2\u00ba Premio Especial &#8211; Prima econ\u00f3mica de 50\u20ac al participante (M y F) que bata el r\u00e9cord de la prueba\u00a0(41\u00b442\u00b4\u00b4 y\u00a0 54\u00b406\u00b4\u00b4) impuestos en la pasada edici\u00f3n por To\u00f1o Muro y Maria Pardo.<\/p>\n<p>3\u00ba Premio Especial &#8211; Inscripci\u00f3n gratuita de los tres ganadores\u00a0(M y F) a la siguiente edici\u00f3n.<\/p>\n<p>Adem\u00e1s\u00a0 los 100 primeros inscritos, tendr\u00e9is un vale descuento del 40% en zapatillas de correr en Alagon Sport, presentando la inscripci\u00f3n.\u00a0 \u00bfOs lo vais a perder?<\/p>\n<p>Mas sorpresas, gracias a nuestro amigo Jos\u00e9 Manuel Latorre de Multicentro Latorre Eurotaller, nuestra carrera &#8220;Trail villa de \u00c9pila&#8221;\u00a0 es solidaria con la fundaci\u00f3n\u00a0EuroTaller Theodora y los 50 primeros inscritos tendr\u00e1n una camiseta de regalo\u00a0EuroTaller Theodora. Cada kil\u00f3metro que realicen ayudar\u00e1 a sumar sonrisas para los peques que est\u00e1n ingresados en hospitales. Solo os pedimos un favor: para que los kilometros cuenten y podamos ayudar a estos peque\u00f1os, necesitamos una foto con las camisetas. Foto que realizaremos 5\u00b4antes de la salida de los andarines.<\/p>\n<p><img decoding=\"async\" class=\"size-full wp-image-2697 aligncenter\" src=\"https:\/\/epilacorre.com\/wp-content\/uploads\/2019\/10\/273cb7e4-eab5-4ea4-badd-62832c41e85e.jpg\" alt=\"\" width=\"246\" height=\"94\" srcset=\"https:\/\/epilacorre.com\/wp-content\/uploads\/2019\/10\/273cb7e4-eab5-4ea4-badd-62832c41e85e.jpg 246w, https:\/\/epilacorre.com\/wp-content\/uploads\/2019\/10\/273cb7e4-eab5-4ea4-badd-62832c41e85e-230x88.jpg 230w\" sizes=\"(max-width: 246px) 100vw, 246px\" \/><\/p>\n<p>Participar en carreras con el\u00a0<a href=\"http:\/\/www.kilometrosporsonrisas.com\/\"><span style=\"color: #0000ff;\">Equipo EuroTaller Theodora\u00a0<\/span><\/a>tiene un gran premio: la satisfacci\u00f3n de apoyar a aquellos j\u00f3venes y peques que est\u00e1n hospitalizados\u00a0<b>\u00a1Cambia #kmsxsonrisas!<\/b><\/p>\n<h3><img decoding=\"async\" class=\"size-medium wp-image-2698 aligncenter\" src=\"https:\/\/epilacorre.com\/wp-content\/uploads\/2019\/10\/WhatsApp-Image-2019-10-10-at-14.52.59-300x239.jpeg\" alt=\"\" width=\"300\" height=\"239\" srcset=\"https:\/\/epilacorre.com\/wp-content\/uploads\/2019\/10\/WhatsApp-Image-2019-10-10-at-14.52.59-300x239.jpeg 300w, https:\/\/epilacorre.com\/wp-content\/uploads\/2019\/10\/WhatsApp-Image-2019-10-10-at-14.52.59-230x183.jpeg 230w, https:\/\/epilacorre.com\/wp-content\/uploads\/2019\/10\/WhatsApp-Image-2019-10-10-at-14.52.59.jpeg 314w\" sizes=\"(max-width: 300px) 100vw, 300px\" \/><\/h3>\n<h3><strong>INSCRIPCIONES<\/strong><\/h3>\n<h3><span style=\"color: #0000ff;\"><a style=\"color: #0000ff;\" href=\"https:\/\/sportmaniacs.com\/es\/services\/inscription\/iii-trail-villa-de-epila-2019\" target=\"_blank\" rel=\"noopener\">Inscripciones\u00a0 III Trail Villa de \u00c9pila<\/a><\/span><\/h3>\n<h3><\/h3>\n<h3>REGLAMENTO<\/h3>\n<p><span style=\"color: #0000ff;\"><a style=\"color: #0000ff;\" href=\"https:\/\/epilacorre.com\/wp-content\/uploads\/2019\/09\/Reglamento-III-Trail-Villa-de-\u00c9pila-12k-Dia-17.pdf\" target=\"_blank\" rel=\"noopener\">Reglamento III Trail Villa de \u00c9pila<\/a><\/span><\/p>\n<h3>PERFIL Y TRAZADO<\/h3>\n<figure id=\"attachment_2204\"><a href=\"https:\/\/es.wikiloc.com\/wikiloc\/view.do?id=18874680\"><img loading=\"lazy\" decoding=\"async\" class=\"aligncenter size-full wp-image-2204\" src=\"https:\/\/epilacorre.com\/wp-content\/uploads\/2018\/09\/perfil-II-Trail-Villa-de-Epila.jpg\" alt=\"\" width=\"450\" height=\"122\" srcset=\"https:\/\/epilacorre.com\/wp-content\/uploads\/2018\/09\/perfil-II-Trail-Villa-de-Epila.jpg 450w, https:\/\/epilacorre.com\/wp-content\/uploads\/2018\/09\/perfil-II-Trail-Villa-de-Epila-300x81.jpg 300w, https:\/\/epilacorre.com\/wp-content\/uploads\/2018\/09\/perfil-II-Trail-Villa-de-Epila-230x62.jpg 230w, https:\/\/epilacorre.com\/wp-content\/uploads\/2018\/09\/perfil-II-Trail-Villa-de-Epila-350x95.jpg 350w\" sizes=\"(max-width: 450px) 100vw, 450px\" \/><\/a>\u00a0 \u00a0 \u00a0 \u00a0 \u00a0 \u00a0 \u00a0 \u00a0 \u00a0 \u00a0 \u00a0 \u00a0 \u00a0 \u00a0Haga click sobre la imagen para acceder a la ruta en Wikiloc<\/figure>\n<figure id=\"attachment_2246\"><a href=\"https:\/\/www.strava.com\/segments\/18159619\"><img loading=\"lazy\" decoding=\"async\" class=\"wp-image-2246\" src=\"https:\/\/epilacorre.com\/wp-content\/uploads\/2018\/10\/th-300x168.jpg\" alt=\"\" width=\"332\" height=\"186\" srcset=\"https:\/\/epilacorre.com\/wp-content\/uploads\/2018\/10\/th-300x168.jpg 300w, https:\/\/epilacorre.com\/wp-content\/uploads\/2018\/10\/th-230x129.jpg 230w, https:\/\/epilacorre.com\/wp-content\/uploads\/2018\/10\/th-350x196.jpg 350w, https:\/\/epilacorre.com\/wp-content\/uploads\/2018\/10\/th.jpg 474w\" sizes=\"(max-width: 332px) 100vw, 332px\" \/><\/a> Pincha en la imagen para ver el Segmento de Strava<\/figure>\n<h3>Todo el detalle del recorrido en el siguiente enlace:<\/h3>\n<p><strong><span style=\"color: #0000ff;\"><a style=\"color: #0000ff;\" href=\"https:\/\/epilacorre.com\/wp-content\/uploads\/2018\/09\/Perfiles-y-Recorrido-II-Trail-Villa-de-\u00c9pila.pdf\" target=\"_blank\" rel=\"noopener\">Detalle del recorrido de la III Trail Villa de \u00c9pila<\/a><\/span><\/strong><\/p>\n<h3>CLASIFICACIONES<\/h3>\n<p><span style=\"color: #0000ff;\"><strong><em><a style=\"color: #0000ff;\" href=\"https:\/\/epilacorre.files.wordpress.com\/2017\/11\/clasificaciones-i-trail-villa-de-c3a9pila.pdf\" target=\"_blank\" rel=\"noopener\">Clasificaciones I Trail Villa de \u00c9pila\u00a02017<\/a><\/em><\/strong><\/span><\/p>\n<p><span style=\"color: #0000ff;\"><strong><em><a style=\"color: #0000ff;\" href=\"https:\/\/epilacorre.com\/wp-content\/uploads\/2018\/11\/Clasificaciones-II-Trail-villa-de-%C3%89pila.pdf\" target=\"_blank\" rel=\"noopener\">Clasificaciones II Trail Villa de \u00c9pila\u00a02018<\/a><\/em><\/strong><\/span><\/p>\n<p><span style=\"color: #0000ff;\"><strong><em><a style=\"color: #0000ff;\" href=\"https:\/\/epilacorre.com\/wp-content\/uploads\/2018\/11\/Clasificacion-General-Andarines.pdf\" target=\"_blank\" rel=\"noopener\">Clasificaciones Andarines II Trail Villa de \u00c9pila\u00a02018<\/a><\/em><\/strong><\/span><\/p>\n<h3>ANTERIORES EDICIONES<\/h3>\n<p><a href=\"https:\/\/epilacorre.com\/index.php\/2017\/09\/29\/www-trailvilladeepila-com\/\"><span style=\"color: #0000ff;\">I Trail villa de Epila<\/span><\/a><\/p>\n<p><span style=\"color: #0000ff;\"><a style=\"color: #0000ff;\" href=\"https:\/\/epilacorre.com\/index.php\/inicio\/sample-page\/\" target=\"_blank\" rel=\"noopener\">II Trail villa de \u00c9pila<\/a><\/span><\/p>\n<h3>PARKING GRATUITO<\/h3>\n<p>Piscinas Municipales y en el entorno del Pabell\u00f3n Municipal.<\/p>\n<p><strong><span style=\"color: #0000ff;\"><a style=\"color: #0000ff;\" href=\"https:\/\/goo.gl\/maps\/QA6yuuVYB6pKnBCP9\">https:\/\/goo.gl\/maps\/QA6yuuVYB6pKnBCP9<\/a><\/span><\/strong><\/p>\n<h3><\/h3>\n<h3>DETALLES EXCLUSIVOS DE LA PRUEBA<\/h3>\n<p>Camiseta t\u00e9cnica conmemorativa de la prueba<\/p>\n<p>Esta marca de camisetas es de talla muy justa o casi peque\u00f1a, <b>No se realizaran cambios de tallas<\/b><\/p>\n<figure id=\"attachment_2684\" aria-describedby=\"caption-attachment-2684\" style=\"width: 312px\" class=\"wp-caption aligncenter\"><img loading=\"lazy\" decoding=\"async\" class=\"wp-image-2684\" src=\"https:\/\/epilacorre.com\/wp-content\/uploads\/2019\/09\/Captura-de-pantalla-2019-09-29-11.03-208x300.jpg\" alt=\"\" width=\"312\" height=\"450\" srcset=\"https:\/\/epilacorre.com\/wp-content\/uploads\/2019\/09\/Captura-de-pantalla-2019-09-29-11.03-208x300.jpg 208w, https:\/\/epilacorre.com\/wp-content\/uploads\/2019\/09\/Captura-de-pantalla-2019-09-29-11.03-230x331.jpg 230w, https:\/\/epilacorre.com\/wp-content\/uploads\/2019\/09\/Captura-de-pantalla-2019-09-29-11.03-350x504.jpg 350w, https:\/\/epilacorre.com\/wp-content\/uploads\/2019\/09\/Captura-de-pantalla-2019-09-29-11.03.jpg 472w\" sizes=\"(max-width: 312px) 100vw, 312px\" \/><figcaption id=\"caption-attachment-2684\" class=\"wp-caption-text\">No se realizaran cambios de tallas<\/figcaption><\/figure>\n<p>&nbsp;<\/p>\n<figure id=\"attachment_2723\" aria-describedby=\"caption-attachment-2723\" style=\"width: 300px\" class=\"wp-caption aligncenter\"><img loading=\"lazy\" decoding=\"async\" class=\"wp-image-2723 size-medium\" src=\"https:\/\/epilacorre.com\/wp-content\/uploads\/2019\/11\/WhatsApp-Image-2019-10-22-at-09.27.33-300x150.jpeg\" alt=\"\" width=\"300\" height=\"150\" srcset=\"https:\/\/epilacorre.com\/wp-content\/uploads\/2019\/11\/WhatsApp-Image-2019-10-22-at-09.27.33-300x150.jpeg 300w, https:\/\/epilacorre.com\/wp-content\/uploads\/2019\/11\/WhatsApp-Image-2019-10-22-at-09.27.33-768x384.jpeg 768w, https:\/\/epilacorre.com\/wp-content\/uploads\/2019\/11\/WhatsApp-Image-2019-10-22-at-09.27.33-1024x512.jpeg 1024w, https:\/\/epilacorre.com\/wp-content\/uploads\/2019\/11\/WhatsApp-Image-2019-10-22-at-09.27.33-830x415.jpeg 830w, https:\/\/epilacorre.com\/wp-content\/uploads\/2019\/11\/WhatsApp-Image-2019-10-22-at-09.27.33-230x115.jpeg 230w, https:\/\/epilacorre.com\/wp-content\/uploads\/2019\/11\/WhatsApp-Image-2019-10-22-at-09.27.33-350x175.jpeg 350w, https:\/\/epilacorre.com\/wp-content\/uploads\/2019\/11\/WhatsApp-Image-2019-10-22-at-09.27.33-480x240.jpeg 480w, https:\/\/epilacorre.com\/wp-content\/uploads\/2019\/11\/WhatsApp-Image-2019-10-22-at-09.27.33.jpeg 1575w\" sizes=\"(max-width: 300px) 100vw, 300px\" \/><figcaption id=\"caption-attachment-2723\" class=\"wp-caption-text\">Toalla exclusiva de la prueba<\/figcaption><\/figure>\n<p>&nbsp;<\/p>\n<p>&nbsp;<\/p>\n<p>Trofeos y medallas de dise\u00f1o exclusivo, para los ganadores de todas las categor\u00edas<\/p>\n<p><img loading=\"lazy\" decoding=\"async\" class=\"alignnone size-medium wp-image-2713\" src=\"https:\/\/epilacorre.com\/wp-content\/uploads\/2019\/10\/WhatsApp-Image-2019-10-18-at-16.36.38-300x225.jpeg\" alt=\"\" width=\"300\" height=\"225\" srcset=\"https:\/\/epilacorre.com\/wp-content\/uploads\/2019\/10\/WhatsApp-Image-2019-10-18-at-16.36.38-300x225.jpeg 300w, https:\/\/epilacorre.com\/wp-content\/uploads\/2019\/10\/WhatsApp-Image-2019-10-18-at-16.36.38-768x576.jpeg 768w, https:\/\/epilacorre.com\/wp-content\/uploads\/2019\/10\/WhatsApp-Image-2019-10-18-at-16.36.38-1024x768.jpeg 1024w, https:\/\/epilacorre.com\/wp-content\/uploads\/2019\/10\/WhatsApp-Image-2019-10-18-at-16.36.38-830x623.jpeg 830w, https:\/\/epilacorre.com\/wp-content\/uploads\/2019\/10\/WhatsApp-Image-2019-10-18-at-16.36.38-230x173.jpeg 230w, https:\/\/epilacorre.com\/wp-content\/uploads\/2019\/10\/WhatsApp-Image-2019-10-18-at-16.36.38-350x263.jpeg 350w, https:\/\/epilacorre.com\/wp-content\/uploads\/2019\/10\/WhatsApp-Image-2019-10-18-at-16.36.38-480x360.jpeg 480w, https:\/\/epilacorre.com\/wp-content\/uploads\/2019\/10\/WhatsApp-Image-2019-10-18-at-16.36.38.jpeg 1600w\" sizes=\"(max-width: 300px) 100vw, 300px\" \/> <img loading=\"lazy\" decoding=\"async\" class=\"alignnone size-medium wp-image-2714\" src=\"https:\/\/epilacorre.com\/wp-content\/uploads\/2019\/10\/WhatsApp-Image-2019-10-18-at-16.36.25-300x225.jpeg\" alt=\"\" width=\"300\" height=\"225\" srcset=\"https:\/\/epilacorre.com\/wp-content\/uploads\/2019\/10\/WhatsApp-Image-2019-10-18-at-16.36.25-300x225.jpeg 300w, https:\/\/epilacorre.com\/wp-content\/uploads\/2019\/10\/WhatsApp-Image-2019-10-18-at-16.36.25-768x576.jpeg 768w, https:\/\/epilacorre.com\/wp-content\/uploads\/2019\/10\/WhatsApp-Image-2019-10-18-at-16.36.25-1024x768.jpeg 1024w, https:\/\/epilacorre.com\/wp-content\/uploads\/2019\/10\/WhatsApp-Image-2019-10-18-at-16.36.25-830x623.jpeg 830w, https:\/\/epilacorre.com\/wp-content\/uploads\/2019\/10\/WhatsApp-Image-2019-10-18-at-16.36.25-230x173.jpeg 230w, https:\/\/epilacorre.com\/wp-content\/uploads\/2019\/10\/WhatsApp-Image-2019-10-18-at-16.36.25-350x263.jpeg 350w, https:\/\/epilacorre.com\/wp-content\/uploads\/2019\/10\/WhatsApp-Image-2019-10-18-at-16.36.25-480x360.jpeg 480w, https:\/\/epilacorre.com\/wp-content\/uploads\/2019\/10\/WhatsApp-Image-2019-10-18-at-16.36.25.jpeg 1600w\" sizes=\"(max-width: 300px) 100vw, 300px\" \/><\/p>\n<h3><\/h3>\n<p>&nbsp;<\/p>\n<p>Seguro de accidentes y de responsabilidad civil<\/p>\n<p>Ambulancia, duchas, guarda ropa y guardabicis<\/p>\n<p>Avituallamientos l\u00edquidos y s\u00f3lidos<\/p>\n<p>Quiromasajista Enrique Serrano al terminar<\/p>\n<p>Vermut con:<\/p>\n<p>Barra libre de cerveza servida por Alfonso (Segontina), para degustar la estupenda longaniza seca, jam\u00f3n, queso etc. de Lifara y Murillo,\u00a0 meter entre el buen pan de Valero, picoteando empanada de Barranco, con las estupendas tortillas de patata de Do\u00f1a Manuela<\/p>\n<p>&nbsp;<\/p>\n<p><strong>Sorteos <\/strong><\/p>\n<p>4 Vales para men\u00fas dobles del Restaurante Las Piscinas<\/p>\n<p>10 Vales cena fin de semana Bar Punto Rodanas<\/p>\n<p>1 Vale de 100\u20ac en Gasoleo B Gasoil a domicilio \u00c9pila<\/p>\n<p>3 Relojes multifunci\u00f3n y un Chaquet\u00f3n del Banco Santander \u00c9pila<\/p>\n<p>1 Vale regalo de 25\u20ac Peluquer\u00eda Canina Azahara<\/p>\n<p>&nbsp;<\/p>\n<h3>VIDEOS<\/h3>\n<p>&nbsp;<\/p>\n<p>Pincha en la imagen para ver el v\u00eddeo de la 1\u00aa edici\u00f3n<\/p>\n<figure id=\"attachment_2251\"><a href=\"https:\/\/youtu.be\/Rw3hhG7nuaQ\"><img loading=\"lazy\" decoding=\"async\" class=\"size-medium wp-image-2251\" src=\"https:\/\/epilacorre.com\/wp-content\/uploads\/2018\/10\/Captura-de-pantalla-2018-10-09-10.54.34-300x166.png\" alt=\"\" width=\"300\" height=\"166\" srcset=\"https:\/\/epilacorre.com\/wp-content\/uploads\/2018\/10\/Captura-de-pantalla-2018-10-09-10.54.34-300x166.png 300w, https:\/\/epilacorre.com\/wp-content\/uploads\/2018\/10\/Captura-de-pantalla-2018-10-09-10.54.34-768x424.png 768w, https:\/\/epilacorre.com\/wp-content\/uploads\/2018\/10\/Captura-de-pantalla-2018-10-09-10.54.34-230x127.png 230w, https:\/\/epilacorre.com\/wp-content\/uploads\/2018\/10\/Captura-de-pantalla-2018-10-09-10.54.34-350x193.png 350w, https:\/\/epilacorre.com\/wp-content\/uploads\/2018\/10\/Captura-de-pantalla-2018-10-09-10.54.34-480x265.png 480w, https:\/\/epilacorre.com\/wp-content\/uploads\/2018\/10\/Captura-de-pantalla-2018-10-09-10.54.34.png 788w\" sizes=\"(max-width: 300px) 100vw, 300px\" \/><\/a> V\u00eddeo &#8220;As\u00ed fue la I Trail villa de \u00c9pila&#8221;<\/figure>\n<p><span style=\"color: #000000;\">Pincha en la imagen para ver el v\u00eddeo\u00a0promocional de la 2\u00aa edici\u00f3n\u00a0<\/span><\/p>\n<figure id=\"attachment_2252\"><a href=\"https:\/\/youtu.be\/Htj-D7nAvxo\"><img loading=\"lazy\" decoding=\"async\" class=\"size-medium wp-image-2252\" src=\"https:\/\/epilacorre.com\/wp-content\/uploads\/2018\/10\/Captura-de-pantalla-2018-10-09-10.53.26-300x172.png\" alt=\"\" width=\"300\" height=\"172\" srcset=\"https:\/\/epilacorre.com\/wp-content\/uploads\/2018\/10\/Captura-de-pantalla-2018-10-09-10.53.26-300x172.png 300w, https:\/\/epilacorre.com\/wp-content\/uploads\/2018\/10\/Captura-de-pantalla-2018-10-09-10.53.26-768x441.png 768w, https:\/\/epilacorre.com\/wp-content\/uploads\/2018\/10\/Captura-de-pantalla-2018-10-09-10.53.26-230x132.png 230w, https:\/\/epilacorre.com\/wp-content\/uploads\/2018\/10\/Captura-de-pantalla-2018-10-09-10.53.26-350x201.png 350w, https:\/\/epilacorre.com\/wp-content\/uploads\/2018\/10\/Captura-de-pantalla-2018-10-09-10.53.26-480x276.png 480w, https:\/\/epilacorre.com\/wp-content\/uploads\/2018\/10\/Captura-de-pantalla-2018-10-09-10.53.26.png 784w\" sizes=\"(max-width: 300px) 100vw, 300px\" \/><\/a> V\u00eddeo promocional\u00a0\u00a0 II Trail villa de \u00c9pila<\/figure>\n<p><iframe title=\"As\u00ed fue II Trail villa de \u00c9pila\" width=\"500\" height=\"375\" src=\"https:\/\/www.youtube.com\/embed\/b6k30fpvB-o?feature=oembed\" frameborder=\"0\" allow=\"accelerometer; autoplay; clipboard-write; encrypted-media; gyroscope; picture-in-picture; web-share\" referrerpolicy=\"strict-origin-when-cross-origin\" allowfullscreen><\/iframe><\/p>\n<p>&nbsp;<\/p>\n","protected":false},"excerpt":{"rendered":"<p>&nbsp; El d\u00eda 17 de Noviembre tendr\u00e1 lugar el III Trail Villa de \u00c9pila en dos modalidades distintas de participaci\u00f3n: andando 11 Kms o corriendo 12 Kms, el Ayuntamiento de&hellip;<\/p>\n","protected":false},"author":2,"featured_media":2678,"parent":0,"menu_order":0,"comment_status":"closed","ping_status":"closed","template":"","meta":{"footnotes":""},"class_list":["post-2663","page","type-page","status-publish","has-post-thumbnail","hentry"],"_links":{"self":[{"href":"https:\/\/epilacorre.com\/index.php\/wp-json\/wp\/v2\/pages\/2663","targetHints":{"allow":["GET"]}}],"collection":[{"href":"https:\/\/epilacorre.com\/index.php\/wp-json\/wp\/v2\/pages"}],"about":[{"href":"https:\/\/epilacorre.com\/index.php\/wp-json\/wp\/v2\/types\/page"}],"author":[{"embeddable":true,"href":"https:\/\/epilacorre.com\/index.php\/wp-json\/wp\/v2\/users\/2"}],"replies":[{"embeddable":true,"href":"https:\/\/epilacorre.com\/index.php\/wp-json\/wp\/v2\/comments?post=2663"}],"version-history":[{"count":30,"href":"https:\/\/epilacorre.com\/index.php\/wp-json\/wp\/v2\/pages\/2663\/revisions"}],"predecessor-version":[{"id":2845,"href":"https:\/\/epilacorre.com\/index.php\/wp-json\/wp\/v2\/pages\/2663\/revisions\/2845"}],"wp:featuredmedia":[{"embeddable":true,"href":"https:\/\/epilacorre.com\/index.php\/wp-json\/wp\/v2\/media\/2678"}],"wp:attachment":[{"href":"https:\/\/epilacorre.com\/index.php\/wp-json\/wp\/v2\/media?parent=2663"}],"curies":[{"name":"wp","href":"https:\/\/api.w.org\/{rel}","templated":true}]}}