{"id":3430,"date":"2022-05-25T16:59:01","date_gmt":"2022-05-25T16:59:01","guid":{"rendered":"https:\/\/epilacorre.com\/?page_id=3430"},"modified":"2022-05-25T16:59:01","modified_gmt":"2022-05-25T16:59:01","slug":"i-trail-villa-de-epila","status":"publish","type":"page","link":"https:\/\/epilacorre.com\/index.php\/i-trail-villa-de-epila\/","title":{"rendered":"I Trail Villa de \u00c9pila"},"content":{"rendered":"<h3><\/h3>\n<h3>\u00a0El d\u00eda 5 de noviembre tendr\u00e1 lugar el I Trail Villa de \u00c9pila en dos modalidades distintas de participaci\u00f3n: andando 11 Kms o corriendo 12 Kms. Las inscripciones pueden realizarse a trav\u00e9s del sitio web\u00a0<a href=\"http:\/\/www.trailvilladeepila.com\/\" target=\"_blank\" rel=\"noopener nofollow\">www.trailvilladeepila.com<\/a>\u00a0desde este momento, hasta el jueves 02 de noviembre o hasta completar el cupo de plazas disponible. Se ofrecer\u00e1 camiseta de la prueba, trofeos, sorteos y vermut a todos los participantes. El Ayuntamiento de \u00c9pila junto al Club Epilacorre promueven y organizan este evento deportivo, prueba que se incluye en el calendario de la federaci\u00f3n Aragonesa de Atletismo bajo el control t\u00e9cnico del Comit\u00e9 Territorial de Jueces FAA.<br \/>\nM\u00e1ximo 150 corredores.<br \/>\nCamiseta de la prueba para todos los inscritos hasta el 24 de Octubre.<br \/>\nPrueba Federada, puntuable para el circuito Comarca Valdejalon, trofeos, regalos, sorteos, y un estupendo vermut<\/h3>\n<p><img fetchpriority=\"high\" decoding=\"async\" class=\"wp-image-1725\" src=\"https:\/\/epilacorre.files.wordpress.com\/2017\/09\/cartel4-prueba1.jpg\" width=\"619\" height=\"1181\" \/><\/p>\n<p>&nbsp;<\/p>\n<p>Inscripciones abiertas en <a href=\"www.trailvilladeepila.com\">www.trailvilladeepila.<\/a><\/p>\n","protected":false},"excerpt":{"rendered":"<p>\u00a0El d\u00eda 5 de noviembre tendr\u00e1 lugar el I Trail Villa de \u00c9pila en dos modalidades distintas de participaci\u00f3n: andando 11 Kms o corriendo 12 Kms. Las inscripciones pueden realizarse&hellip;<\/p>\n","protected":false},"author":2,"featured_media":0,"parent":0,"menu_order":0,"comment_status":"closed","ping_status":"closed","template":"","meta":{"footnotes":""},"class_list":["post-3430","page","type-page","status-publish","hentry"],"_links":{"self":[{"href":"https:\/\/epilacorre.com\/index.php\/wp-json\/wp\/v2\/pages\/3430","targetHints":{"allow":["GET"]}}],"collection":[{"href":"https:\/\/epilacorre.com\/index.php\/wp-json\/wp\/v2\/pages"}],"about":[{"href":"https:\/\/epilacorre.com\/index.php\/wp-json\/wp\/v2\/types\/page"}],"author":[{"embeddable":true,"href":"https:\/\/epilacorre.com\/index.php\/wp-json\/wp\/v2\/users\/2"}],"replies":[{"embeddable":true,"href":"https:\/\/epilacorre.com\/index.php\/wp-json\/wp\/v2\/comments?post=3430"}],"version-history":[{"count":1,"href":"https:\/\/epilacorre.com\/index.php\/wp-json\/wp\/v2\/pages\/3430\/revisions"}],"predecessor-version":[{"id":3431,"href":"https:\/\/epilacorre.com\/index.php\/wp-json\/wp\/v2\/pages\/3430\/revisions\/3431"}],"wp:attachment":[{"href":"https:\/\/epilacorre.com\/index.php\/wp-json\/wp\/v2\/media?parent=3430"}],"curies":[{"name":"wp","href":"https:\/\/api.w.org\/{rel}","templated":true}]}}