{"id":92,"date":"2016-04-18T19:38:51","date_gmt":"2016-04-18T19:38:51","guid":{"rendered":"https:\/\/epilacorre.wordpress.com\/?page_id=92"},"modified":"2024-05-25T08:50:33","modified_gmt":"2024-05-25T08:50:33","slug":"quienes-somos","status":"publish","type":"page","link":"https:\/\/epilacorre.com\/index.php\/quienes-somos\/","title":{"rendered":"\u00bfQui\u00e9nes somos?"},"content":{"rendered":"<p>Somos un peque\u00f1o &#8220;club&#8221; de aficionados y amigos al mundillo del running, con el objetivo de disfrutar haciendo lo que mas nos gusta, por aqu\u00ed iremos dando informaci\u00f3n sobre quedadas en grupo, fotos, carreritas a las que nos apuntamos, y animar a todo vecino de Epila y alrededores a pasar un buen rato con nosotros.<\/p>\n<p>Siendo nuestra prueba local la Subida Rodanas, Un Cross de 16km y con 300mts de desnivel. Siendo en 1979, Manuel Ruiz (&#8220;El galgo del Jal\u00f3n&#8221;) y \u00c1ngel L\u00f3pez (&#8220;El sastre volador&#8221;) los promotores de dicha carrera. Estos dos epilenses se apostaron un conejo a que hac\u00edan este recorrido corriendo. Fue la \u00fanica vez que lo hicieron, pero sentaron las bases para que en 1981, se institucionalizara esta prueba gracias tambi\u00e9n al impulso del exconcejal de Deporte, Pepe Sediles. En la XXX Subida a Rodanas 2011, fue el corredor Said El Wardi quien, con un tiempo de 52 minutos y 19 segundos bati\u00f3 el record, el cual ostentaba desde 1985 Alfonso Cebolla Baldomero con un tiempo de 53:56.<\/p>\n<p>Este <strong>r\u00e9cord<\/strong>&nbsp; de<strong> Said El Wardi de 52&#8242; 19&#8243;<\/strong> todav\u00eda continua sin batirse a d\u00eda de hoy. Aunque a punto estuvo Sergio Latorre en la edici\u00f3n del 2022, con sus 53\u00b427\u201dde batir el r\u00e9cord de la prueba. Esperemos contar con Sergio Latorre en las pr\u00f3ximas ediciones o corredores de su nivel y que pulvericen dicho r\u00e9cord.<\/p>\n<p>En la categor\u00eda femenina del 2022. ocurri\u00f3 casi lo mismo, Lorena Plano estuvo cerca de&nbsp; batir el r\u00e9cord femenino con su 1h 07\u00b4 30\u201d (<strong>R\u00e9cord &nbsp;de Mar\u00eda Jes\u00fas Zorraquin&nbsp; 1h 05\u00b440\u201d<\/strong> del 2000)<\/p>\n<p>En la c<strong>ategor\u00eda local<\/strong> (con los datos que tenemos) tiene el record<strong> Iv\u00e1n Ruiz Sola<\/strong> con un tiempo de<strong> 56\u00b431\u201d<\/strong><\/p>\n<p>Aunque la prueba que mas ilusi\u00f3n nos hace, es la creada por nosotros en el 2017, la &#8220;Trail Villa de \u00c9pila&#8221; Con tres ediciones realizandose en los alrededores de \u00c9pila y Rueda, se desplaza en 2022 a los entornos del Santuario de Rodanas, para llamarse: Trail Villa de \u00c9pila &#8220;Rodanas Trail Race&#8221;<\/p>\n<p>Con dos distancias, una de 12km y 300m+ y la otra de 22km y 900m+ recorren los entornos del Santuario de Rodanas.<\/p>\n<p>Lo dicho, a sumar kms y gastar zapatillas!<\/p>\n<p>Actualmente la junta directiva del Club Epilacorre, est\u00e1 formada de la siguiente forma:<\/p>\n<p>Presidente: Ivan Ruiz Sola<\/p>\n<p>Vicepresidente: Francisco Bernad Juste<\/p>\n<p>Secretario: Luis Javier Dominguez L\u00f3pez<\/p>\n<p>Tesorero: Carlos Murillo<\/p>\n<p>Vocal: Alberto Plo<\/p>\n<p>Vocal: Manuel Jesus Pila<\/p>\n<p>Vocal: Victor Lapuente Gracia<\/p>\n<p>Vocal: &nbsp;Jos\u00e9 Manuel Latorre Martinez<\/p>\n<p>Vocal: Jorge Maella Rius<\/p>\n<p>Vocal y dise\u00f1ador web freelance: Miguel \u00c1ngel Catal\u00e1n Va<\/p>\n<p>&nbsp;<\/p>\n<p><img fetchpriority=\"high\" decoding=\"async\" src=\"https:\/\/epilacorre.files.wordpress.com\/2016\/04\/estamos-trabajando-en-esta-seccion.jpg\" class=\"alignnone wp-image-101\" alt=\"Estamos-trabajando-en-esta-seccion\" width=\"247\" height=\"204\"><\/p>\n","protected":false},"excerpt":{"rendered":"<p>Somos un peque\u00f1o &#8220;club&#8221; de aficionados y amigos al mundillo del running, con el objetivo de disfrutar haciendo lo que mas nos gusta, por aqu\u00ed iremos dando informaci\u00f3n sobre quedadas&hellip;<\/p>\n","protected":false},"author":2,"featured_media":0,"parent":0,"menu_order":0,"comment_status":"closed","ping_status":"closed","template":"","meta":{"footnotes":""},"class_list":["post-92","page","type-page","status-publish","hentry"],"_links":{"self":[{"href":"https:\/\/epilacorre.com\/index.php\/wp-json\/wp\/v2\/pages\/92","targetHints":{"allow":["GET"]}}],"collection":[{"href":"https:\/\/epilacorre.com\/index.php\/wp-json\/wp\/v2\/pages"}],"about":[{"href":"https:\/\/epilacorre.com\/index.php\/wp-json\/wp\/v2\/types\/page"}],"author":[{"embeddable":true,"href":"https:\/\/epilacorre.com\/index.php\/wp-json\/wp\/v2\/users\/2"}],"replies":[{"embeddable":true,"href":"https:\/\/epilacorre.com\/index.php\/wp-json\/wp\/v2\/comments?post=92"}],"version-history":[{"count":15,"href":"https:\/\/epilacorre.com\/index.php\/wp-json\/wp\/v2\/pages\/92\/revisions"}],"predecessor-version":[{"id":3892,"href":"https:\/\/epilacorre.com\/index.php\/wp-json\/wp\/v2\/pages\/92\/revisions\/3892"}],"wp:attachment":[{"href":"https:\/\/epilacorre.com\/index.php\/wp-json\/wp\/v2\/media?parent=92"}],"curies":[{"name":"wp","href":"https:\/\/api.w.org\/{rel}","templated":true}]}}